{"id":3337,"date":"2022-02-22T16:53:51","date_gmt":"2022-02-22T16:53:51","guid":{"rendered":"https:\/\/www.dibigold.it\/contatti\/privacy-policy\/"},"modified":"2022-04-30T09:43:13","modified_gmt":"2022-04-30T09:43:13","slug":"privacy-policy","status":"publish","type":"page","link":"https:\/\/www.dibigold.it\/en\/contatti\/privacy-policy\/","title":{"rendered":"Privacy Policy"},"content":{"rendered":"<section class=\"wpb-content-wrapper\">[vc_row full_width=&#8221;stretch_row_content&#8221; element_id=&#8221;888519&#8243;][vc_column][vc_custom_heading text=&#8221;INFORMATIVA SITO INTERNET&#8221; use_theme_fonts=&#8221;yes&#8221;][vc_column_text animation_delay=&#8221;0&#8243;]I dati personali dell&#8217;utente sono utilizzati dalla DIBI GOLD s.r.l., che ne \u00e8 titolare per il trattamento, nel rispetto dei principi di protezione dei dati personali stabiliti dagli artt. 13 e 14 del Regolamento UE 2016\/679.<\/p>\n<h3><strong>TITOLARE DEL TRATTAMENTO<\/strong><\/h3>\n<p>Titolare del trattamento \u00e8 la DIBI GOLD s.r.l., in persona del suo legale rappresentante p.t., con sede legale in Arezzo, Via Don Luigi Sturzo 134 ad Arezzo, la quale comunica che, per l&#8217; eventuale instaurazione e la successiva gestione dei rapporti contrattuali e di conservazione dei dati raccolti sul sito internet di propriet\u00e0 della stessa, \u00e8 titolare dei dati da Lei comunicati e qualificati come dati personali ai sensi del Regolamento UE 2016\/679.<\/p>\n<h3><strong>CATEGORIE DI DATI PERSONALI TRATTATI DAL TITOLARE DEL TRATTAMENTO\u00a0<\/strong><\/h3>\n<div>\n<p class=\"chapter-paragraph\">Con riferimento ai servizi internet offerti da DIBI GOLD s.r.l., in qualit\u00e0 di Titolare del trattamento, la stessa deve trattare alcuni dati personali necessari per l&#8217;erogazione dei servizi.<br \/>\nTali dati possono essere forniti implicitamente dagli strumenti che utilizza per accedere e fruire dei servizi o possono essere forniti in modo esplicito da Lei.<\/p>\n<p class=\"chapter-paragraph\">La Societ\u00e0 DIBI GOLD s.r.l., potr\u00e0 trattare le seguenti categorie di dati personali degli utenti :<\/p>\n<p class=\"chapter-paragraph\">\u2022 dati<span class=\"apple-converted-space\">\u00a0<\/span><strong>tecnici di navigazione<\/strong> dai codici identificativi dei dispositivi utilizzati dall\u2019 utente per la fruizione del sito o dei servizi, alle caratteristiche del browser e agli orari di accesso;<br \/>\n\u2022 <strong>dati comuni identificativi<\/strong><span class=\"apple-converted-space\">\u00a0<\/span>forniti dall\u2019 utente (es. nome, cognome, email, numero di telefono, ecc.) per la fruizione dei prodotti e dei servizi;<\/p>\n<p>&nbsp;<\/p>\n<\/div>\n<h3><strong>FINALIT\u00c0\u00a0E BASE GIURIDICA DEL\u00a0TRATTAMENTO<\/strong><\/h3>\n<div>\n<p class=\"chapter-paragraph\">I dati e i cookie da lei ricevuti saranno trattati da DIBI GOLD s.r.l. esclusivamente con modalit\u00e0 e procedure necessarie per fornirle i servizi richiesti.<\/p>\n<\/div>\n<div>\n<p class=\"chapter-paragraph\">Il trattamento dei dati \u00e8 finalizzato alla corretta e completa esecuzione delle funzioni di natura prettamente commerciale, tecnica ed informativa.<\/p>\n<\/div>\n<div>\n<p class=\"chapter-paragraph\">I dati personali potranno essere raccolti e trattati a mezzo di archivi informatici (ivi compresi dispositivi portatili) e trattati con modalit\u00e0 strettamente necessarie a far fronte alle finalit\u00e0 sopra indicate.<\/p>\n<\/div>\n<div>\n<p class=\"chapter-paragraph\">Qualora le finalit\u00e0 dell\u2019utilizzo dei dati di Sua propriet\u00e0 dovessero cambiare, il Titolare \u00e8 tenuto a comunicare immediatamente tali modifiche, specificando al contempo che risulta necessario un nuovo consenso da parte dell\u2019interessato.<\/p>\n<\/div>\n<div>\n<p class=\"chapter-paragraph\">La raccolta dei dati nel sito internet avviene in conformit\u00e0 con la vigente normativa comunitaria,\u00a0 ai sensi del Regolamento UE 2016\/679.<\/p>\n<p>&nbsp;<\/p>\n<\/div>\n<h3><strong>DIFFUSIONE, COMUNICAZIONE E SOGGETTI CHE ACCEDONO AI DATI\u00a0<\/strong><\/h3>\n<div>\n<p class=\"chapter-paragraph\">I Suoi dati personali non saranno diffusi, ma potranno essere comunicati ove necessario per l\u2019erogazione del servizio a soggetti terzi (come fornitori di servizi tecnici terzi, corrieri postali, hosting provider, societ\u00e0 informatiche e d altri professionisti) nominati, se necessario, Responsabili del Trattamento da parte di DIBI GOLD s.r.l, per i compiti di natura tecnica od organizzativa strumentali alla fornitura dei servizi.<\/p>\n<\/div>\n<div>\n<p class=\"chapter-paragraph\">L\u2019accesso ai dati \u00e8 inoltre consentito a categorie di incaricati da <strong>DIBI GOLD s.r.l<\/strong>.\u00a0coinvolti nell\u2019organizzazione per il trattamento dati (personale amministrativo, commerciale, marketing, servizio clienti, amministratori di sistema).<\/p>\n<\/div>\n<p>L\u2019elenco aggiornato dei Responsabili potr\u00e0 sempre essere richiesto al Titolare del Trattamento.<\/p>\n<p>&nbsp;<\/p>\n<h3><strong>TRASFERIMENTO DI DATI\u00a0ALL\u2019ESTERO\u00a0<\/strong><\/h3>\n<div>\n<p class=\"chapter-paragraph\">I tuoi dati personali saranno trattati da <strong>DIBI GOLD s.r.l.<\/strong>, all\u2019interno del territorio dell\u2019Unione Europea.<\/p>\n<\/div>\n<p>Qualora per questioni di natura tecnica e\/o operativa si renda necessario avvalersi di soggetti ubicati al di fuori dell\u2019Unione Europea, oppure si renda necessario trasferire alcuni dei dati raccolti verso sistemi tecnici e servizi gestiti in\u00a0<em>cloud\u00a0<\/em>e localizzati al di fuori dell\u2019area dell\u2019Unione Europea, il trattamento sar\u00e0 regolato in conformit\u00e0 alle norme del Regolamento 2016\/679 artt. 44-50 * e autorizzato in base a specifiche decisioni dell\u2019Unione Europea. Saranno quindi adottate tutte le cautele necessarie al fine di garantire la pi\u00f9 totale protezione dei dati personali basando tale trasferimento: a) su un principio generale di liceit\u00e0 del trasferimento, ai sensi dell\u2019art. 44; b) su decisioni di adeguatezza dei paesi terzi destinatari espressi dalla Commissione Europea; c) su garanzie adeguate espresse dal soggetto terzo destinatario ai sensi dell\u2019art. 46 del Regolamento; d) sull\u2019adozione di norme vincolanti d\u2019impresa, cd.\u00a0<em>Corporate binding rules, ai sensi dell\u2019art. 47.<\/em><\/p>\n<p>&nbsp;<\/p>\n<h3><strong>DURATA DEL TRATTAMENTO E CONSERVAZIONE DEI DATI PERSONALI\u00a0<\/strong><\/h3>\n<p>La DIBI GOLD s.r.l., in conformit\u00e0 con l\u2019Art. 5.1 lettera e) del Regolamento 2016\/679 tratter\u00e0 i dati da te conferiti per tutta la durata di esecuzione dei servizi richiesti e li conserver\u00e0 per i 12 mesi successivi ai fini del completamento delle attivit\u00e0 amministrative, oltre che per il tempo necessario ad adempiere agli obblighi di legge.<\/p>\n<h3><\/h3>\n<h3><strong>DIRITTI DELL\u2019INTERESSATO<\/strong><\/h3>\n<div>\n<p class=\"chapter-paragraph\">La societ\u00e0 <strong>DIBI GOLD s.r.l.<\/strong>, garantisce agli utenti del sito internet di poter esercitare in qualsiasi momento i diritti previsti dall\u2019art. 12 del GDPR. In particolare tu hai il diritto:<\/p>\n<\/div>\n<div>\n<ul>\n<li class=\"chapter-paragraph\">di sapere se il Titolare detiene e\/o tratta dati personali relativi alla tua persona e ad accedervi integralmente anche ottenendone copia (art. 15<span class=\"apple-converted-space\">\u00a0<\/span><strong>Diritto all\u2019accesso<\/strong><strong>);<\/strong><\/li>\n<li class=\"chapter-paragraph\">alla rettifica dei dati personali inesatti o all\u2019integrazione dei dati personali incompleti (Art. 16<span class=\"apple-converted-space\">\u00a0<\/span><strong>Diritto di rettifica<\/strong>);<\/li>\n<li class=\"chapter-paragraph\">alla cancellazione dei dati personali in possesso del Titolare se sussiste uno dei motivi previsti dal Regolamento UE 2016\/679 (Art. 17 <strong>Diritto alla Cancellazione<\/strong>);<\/li>\n<li class=\"chapter-paragraph\">a chiedere al Titolare di limitare il trattamento solo ad alcuni dati personali, se sussiste uno dei motivi previsti dal Regolamento (Art. 18<span class=\"apple-converted-space\"><b>\u00a0<\/b><\/span><strong>Diritto alla limitazione del trattamento<\/strong>);<\/li>\n<li class=\"chapter-paragraph\">di richiedere e ricevere tutti i tuoi dati personali trattati dal titolare, in formato strutturato, di uso comune e leggibili da dispositivo automatico oppure richiedere la trasmissione ad altro titolare senza impedimenti (Art. 20 <strong>Diritto alla Portabilit\u00e0<\/strong>);<\/li>\n<li class=\"chapter-paragraph\">di opporti in tutto o in parte al trattamento dei dati per finalit\u00e0 di invio di materiale pubblicitario e ricerche di mercato (c.d. Consenso) (art. 21<span class=\"apple-converted-space\">\u00a0<\/span><strong>Diritto di opposizione<\/strong>) *<\/li>\n<\/ul>\n<\/div>\n<div>\n<p class=\"chapter-paragraph\">L\u2019esercizio di questi diritti pu\u00f2 essere esercitato mediante comunicazione al Titolare del Trattamento i cui recapiti sono indicati nell\u2019apposita sezione di questa informativa.<\/p>\n<\/div>\n<div>\n<p class=\"chapter-paragraph\">Inoltre tu hai sempre il diritto di proporre reclamo all\u2019Autorit\u00e0 Garante per la Protezione dei dati Personali, contattabile all\u2019indirizzo<span class=\"apple-converted-space\">\u00a0<\/span><a href=\"mailto:garante@gpdp.it\">garante@gpdp.it<\/a><span class=\"apple-converted-space\">\u00a0<\/span>o mediante il sito <a href=\"http:\/\/www.gpdp.it\/\">http:\/\/www.gpdp.it<\/a>.<\/p>\n<p>&nbsp;<\/p>\n<\/div>\n<h3><strong>MINORI<\/strong><\/h3>\n<div>\n<p class=\"chapter-paragraph\">Nella comunicazione dei dati personali all\u2019interno del sito internet gestito da DIBI GOLD s.r.l., l\u2019utente deve obbligatoriamente garantire di avere un&#8217;et\u00e0 non inferiore ad anni 18. La societ\u00e0 DIBI GOLD s.r.l., non intende raccogliere alcun dato personale di individui al di sotto dei diciotto anni. Ove questo risultasse necessario, indicheremo specificamente ai bambini di non comunicare i loro dati tramite i nostri siti e\/o prenderemo ragionevoli misure per assicurare il controllo del genitore\/tutore su tale comunicazione.<\/p>\n<\/div>\n<div>\n<p class=\"chapter-paragraph\">I genitori\/tutori dovrebbero essere consapevoli che la nostra informativa e politica sulla privacy regoler\u00e0 l&#8217;uso dei dati personali, ma le informazioni date volontariamente dai minori \u2013 o da altri \u2013 in commenti o simili potranno essere usate da terzi per generare corrispondenza non richiesta.<\/p>\n<\/div>\n<div>\n<p class=\"chapter-paragraph\">Invitiamo quindi tutti i genitori\/tutori ad educare i loro figli ad un uso sicuro e responsabile dei loro dati personali durante la navigazione in internet, apprestando ogni opportuno controllo del caso nella misura e con le modalit\u00e0 che riterranno adeguate.<\/p>\n<p>&nbsp;<\/p>\n<\/div>\n<h3><strong>TIPOLOGIE ED UTILIZZO DEI COOKIE<\/strong><\/h3>\n<p>I cookie sono informazioni immesse sul browser dell\u2019utente quando visiti un sito web o utilizza un social network con il suo pc, smartphone o tablet. Ogni cookie contiene diversi dati come, ad esempio, il nome del server da cui proviene, un identificatore numerico, ecc.. I cookie possono rimanere nel sistema per la durata di una sessione (cio\u00e8 fino a che non si chiude il browser utilizzato per la navigazione sul web) o per lunghi periodi e possono contenere un codice identificativo unico.<\/p>\n<ul>\n<li><strong>Cookies tecnici:\u00a0<\/strong>Alcuni cookie sono usati per eseguire autenticazioni informatiche, monitoraggio di sessioni e memorizzazione di informazioni specifiche sugli utenti che accedono ad una pagina web. Questi cookie, cosiddetti tecnici, sono spesso utili, perch\u00e9 possono rendere pi\u00f9 veloce e rapida la navigazione e fruizione del web, perch\u00e9 ad esempio intervengono a facilitare alcune procedure quando fai acquisti online, quando ti autentichi ad aree ad accesso riservato o quando un sito web riconosce in automatico la lingua che utilizzi di solito. Una particolare tipologia di cookie, detti analytics, sono poi utilizzati dai gestori dei siti web per raccogliere informazioni, in forma aggregata, sul numero degli utenti e su come questi visitano il sito stesso, e quindi elaborare statistiche generali sul servizio e sul suo utilizzo.<\/li>\n<li><strong>Cookies di profilazione:\u00a0<\/strong>Altri cookie possono invece essere utilizzati per monitorare e profilare gli utenti durante la navigazione, studiare i loro movimenti e abitudini di consultazione del web o di consumo, anche allo scopo di inviare pubblicit\u00e0 di servizi mirati e personalizzati (c.d. Behavioural Advertising). Parliamo in questo caso di cookie di profilazione. Pu\u00f2 accadere che una pagina web contenga cookie provenienti da altri siti e contenuti in vari elementi ospitati sulla pagina stessa, come ad esempio banner pubblicitari, immagini, video, ecc.. Si tratta dei cosiddetti cookie terze parti, che di solito sono utilizzati a fini di profilazione. Considerata la particolare invasivit\u00e0 che i cookie di profilazione (soprattutto quelli terze parti) possono avere nell&#8217;ambito della sfera privata degli utenti, la normativa europea e italiana prevedono che l&#8217;utente debba essere adeguatamente informato sull&#8217;uso degli stessi ed esprimere il proprio valido consenso all&#8217;inserimento dei cookie sul suo terminale Cookies utilizzati.<\/li>\n<\/ul>\n<p>Il sito, <strong>www.dibigold.it<\/strong>, utilizza i cookies per rendere i servizi del sito pi\u00f9 semplici e efficienti per l\u2019utente che visiona le pagine web. Lo stesso sito non svolge attualmente alcuna profilazione in merito alle preferenze degli utenti, ma si riserva, qualora dovesse iniziare una tale attivit\u00e0, di chiedere, ex art. 22 Regolamento UE 2016\/679, l\u2019esplicito consenso agli utenti di questa pagina.<\/p>\n<p>E\u2019 possibile rifiutare il conferimento dei dati di navigazione selezionando l\u2019impostazione appropriata sul browser. A tale proposito si rimanda alle informative pubblicate sul sito di Google <a href=\"https:\/\/www.google.it\/intl\/it\/policies\/privacy\/\">https:\/\/www.google.it\/intl\/it\/policies\/privacy\/<\/a> e alla componente aggiuntiva del browser per la disattivazione di Google Analytics <a href=\"https:\/\/tools.google.com\/dlpage\/gaoptout?hl=it\">https:\/\/tools.google.com\/dlpage\/gaoptout?hl=it<\/a> ). Questa scelta tuttavia, potrebbe impedire di utilizzare tutte le funzionalit\u00e0 dei siti. Al contrario, accettando l\u2019utilizzo dei cookies cos\u00ec come sopra descritto e continuando la navigazione, l\u2019utente presta libero e incondizionato consenso al trattamento dei dati personali da parte del Titolare e di Google Inc. con le modalit\u00e0 e per le finalit\u00e0 sopra indicate. La responsabilit\u00e0 della gestione di questi cookies \u00e8 del gestore del network pubblicitario la cui informativa \u00e8 di norma consultabile sul suo sito istituzionale.<\/p>\n<p>&nbsp;<\/p>\n<h3><strong>VISUALIZZAZIONE\u00a0DI CONTENUTI DA PIATTAFORME ESTERNE<\/strong><\/h3>\n<div>\n<p class=\"chapter-paragraph\">Questo tipo di servizi permette di visualizzare contenuti ospitati su piattaforme esterne, come Facebook, Instagram, Youtube, direttamente dalle pagine di questa Applicazione e di interagire con essi. Nel caso in cui sia installato un servizio di questo tipo, \u00e8 possibile che, anche nel caso gli Utenti non utilizzino il servizio, lo stesso raccolga dati di traffico relativi alle pagine in cui \u00e8 installato.<\/p>\n<p>&nbsp;<\/p>\n<\/div>\n<h3><strong>SUPPORTO\u00a0TECNICO E MANUTENZIONE<\/strong><\/h3>\n<div>\n<p class=\"chapter-paragraph\">Questo tipo di servizi ha la funzione di garantire la continuit\u00e0 operativa del sito, il suo aggiornamento e la regolare manutenzione. Per effettuare tali operazioni societ\u00e0 terze, appositamente incaricate dal Titolare del trattamento, avranno accesso ai dati contenuti nel sito e potr\u00e0 avere necessit\u00e0 di eseguire un backup degli stessi.<\/p>\n<\/div>\n<div>\n<p class=\"chapter-paragraph\">Dati Personali raccolti: varie tipologie di Dati secondo quanto specificato dalla privacy policy del servizio.<\/p>\n<\/div>\n<h3><\/h3>\n<h3><strong>ULTIMO AGGIORNAMENTO\u00a0<\/strong><\/h3>\n<div>\n<p class=\"chapter-paragraph\">Questa Informativa Privacy \u00e8 aggiornata al<span class=\"apple-converted-space\">\u00a0<\/span><strong>25\/05\/2018.<\/strong><\/p>\n<\/div>\n<p>Dichiara di aver ricevuto completa informativa ai sensi dell\u2019art. 13 e 14 del Regolamento UE 2016\/679 e<\/p>\n<p>Presa visione dell\u2019informativa sul trattamento dei dati personali autorizzo [ ]\n<p>al trattamento\u00a0 ed alla comunicazione dei propri dati personali con particolare riguardo a quelli cosiddetti particolari nei limiti, per le finalit\u00e0 e per la durata precisati nell\u2019informativa.<\/p>\n<p>(\u00a0 ) esprimo il consenso<\/p>\n<p>(\u00a0 ) NON esprimo il consenso<\/p>\n<p>Ad attivit\u00e0 di profilazione, svolte secondo i parametri sanciti dall\u2019art.22 del Regolamento UE 2016\/679, cos\u00ec come ad attivit\u00e0 e processi automatizzati.<\/p>\n<p>(\u00a0 ) esprimo il consenso<\/p>\n<p>(\u00a0 ) NON esprimo il consenso<\/p>\n<p>Ad attivit\u00e0 di marketing diretto, secondo modalit\u00e0 consentite dal Regolamento UE 2016\/679.[\/vc_column_text][\/vc_column][\/vc_row]\n<\/section>","protected":false},"excerpt":{"rendered":"<p>[vc_row full_width=&#8221;stretch_row_content&#8221; element_id=&#8221;888519&#8243;][vc_column][vc_custom_heading text=&#8221;INFORMATIVA SITO INTERNET&#8221; use_theme_fonts=&#8221;yes&#8221;][vc_column_text animation_delay=&#8221;0&#8243;]I dati personali dell&#8217;utente sono utilizzati dalla DIBI GOLD s.r.l., che ne \u00e8 titolare per il trattamento, nel rispetto dei principi di protezione dei dati personali stabiliti dagli artt. 13 e 14 del Regolamento UE 2016\/679. TITOLARE DEL TRATTAMENTO Titolare del trattamento \u00e8 la DIBI GOLD s.r.l., in [&hellip;]<\/p>\n","protected":false},"author":1,"featured_media":0,"parent":3330,"menu_order":0,"comment_status":"closed","ping_status":"closed","template":"","meta":{"footnotes":""},"class_list":["post-3337","page","type-page","status-publish","hentry"],"acf":[],"_links":{"self":[{"href":"https:\/\/www.dibigold.it\/en\/wp-json\/wp\/v2\/pages\/3337","targetHints":{"allow":["GET"]}}],"collection":[{"href":"https:\/\/www.dibigold.it\/en\/wp-json\/wp\/v2\/pages"}],"about":[{"href":"https:\/\/www.dibigold.it\/en\/wp-json\/wp\/v2\/types\/page"}],"author":[{"embeddable":true,"href":"https:\/\/www.dibigold.it\/en\/wp-json\/wp\/v2\/users\/1"}],"replies":[{"embeddable":true,"href":"https:\/\/www.dibigold.it\/en\/wp-json\/wp\/v2\/comments?post=3337"}],"version-history":[{"count":4,"href":"https:\/\/www.dibigold.it\/en\/wp-json\/wp\/v2\/pages\/3337\/revisions"}],"predecessor-version":[{"id":3351,"href":"https:\/\/www.dibigold.it\/en\/wp-json\/wp\/v2\/pages\/3337\/revisions\/3351"}],"up":[{"embeddable":true,"href":"https:\/\/www.dibigold.it\/en\/wp-json\/wp\/v2\/pages\/3330"}],"wp:attachment":[{"href":"https:\/\/www.dibigold.it\/en\/wp-json\/wp\/v2\/media?parent=3337"}],"curies":[{"name":"wp","href":"https:\/\/api.w.org\/{rel}","templated":true}]}}